{"id":102,"date":"2018-03-06T13:23:22","date_gmt":"2018-03-06T12:23:22","guid":{"rendered":"http:\/\/www.avc-skovgaard.dk\/?page_id=102"},"modified":"2024-02-20T04:07:55","modified_gmt":"2024-02-20T03:07:55","slug":"billeder","status":"publish","type":"page","link":"https:\/\/www.avc-skovgaard.dk\/?page_id=102","title":{"rendered":"Billeder og beskrivelse"},"content":{"rendered":"<p><a href=\"https:\/\/www.avc-skovgaard.dk\/?page_id=12\">G\u00e5 til booking<\/a>:\u00a0<\/p>\n<p>Beskrivelse af faciliteter og priser.<\/p>\n<p>Der er et lyst og hyggeligt spise\/fest lokale p\u00e5 cirka 56 m<sup>2<\/sup> med udsigt til s\u00f8en, et lille industrik\u00f8kken 14 m<sup>2<\/sup>, et mindre lokale p\u00e5 42 m<sup>2<\/sup>, som typisk bruges som anretnings lokale, da det ligger i umiddelbart i forbindelse med k\u00f8kkenet. Der anrettes typisk buffet her.<br \/>I anretnings lokalet er der opgang til 1. sal, hvor der er et par sofaer og et v\u00e6relse.<br \/>Herudover entre med garderobe, 2 toiletter og parkering plads til mere end 20 biler.<\/p>\n<p>Der er musikanl\u00e6g, som uden problemer kan give ondt i \u00f8rene, hvis der skrues op. Det er inkluderet i prisen.<\/p>\n<p>En enkelt gang har vi d\u00e6kket op til 70 sidende g\u00e6ster, men det er absolut ogs\u00e5 det maksimale og det er langt mere komfortabelt med ca. 50 g\u00e6ster.<br \/>Er der tale om en &#8220;st\u00e5ende&#8221; fest\/reception, s\u00e5 kan der v\u00e6re betydeligt flere. Vi har valgt at s\u00e6tte et max p\u00e5 70 personer, for ikke at slide for meget p\u00e5 lokalet.<br \/>Vi har borde, stole og service til 55 personer og kun hvis der kommer \u00f8nske herom udvider vi kapaciteten yderligere.<br \/>(Afh\u00e6nger af hvilke arrangementer der kommer).<\/p>\n<p>I k\u00f8kkenet er der vask, et lille fryseskab, industri opvaskemaskine og komfur + plads til lettere madlavning.<br \/>Der er et stort k\u00f8leskab i anretnings lokalet.<\/p>\n<p>Prisen er 4000 kr. pr. d\u00f8gn inkl. moms (for tiden den mindste periode lokalet kan lejes).<br \/>Borde\/stole\/service til 55 personer og musikanl\u00e6g er inkluderet i prisen.<\/p>\n<p>Der er mulighed for at l\u00e5ne ekstra:<br \/>&#8211; projektor og sk\u00e6rm for 300 DKK<br \/>&#8211; en stor grill for 450 DKK<br \/>&#8211; en s\u00e6t formsyet stofduge (10 stk.) &#8211; 600DKK (De er seri\u00f8st besv\u00e6rlige at stryge)<\/p>\n<p>Slutreng\u00f8ring tilk\u00f8bes for 650DKK.<\/p>\n<p>Depositum er p\u00e5 3500 DKK, som betales tilbage efter aflevering af lokalet.<br \/>I starten brugte vi ikke depositum, men er fra mange forskellige sider blevet tilr\u00e5det, at tage depositum.<\/p>\n<p>Man f\u00e5r lokalet typisk kl. 9 om morgen og skal aflevere senest kl. 11 den n\u00e6ste dag.<br \/>Der er mulighed for at tilk\u00f8be et ekstra d\u00f8gn for 500 DKK.<\/p>\n<p>I skal aflevere lokalet i ryddet op stand<br \/>&#8211; ingen affald<br \/>&#8211; m\u00f8blerne\/service er sat p\u00e5 plads<br \/>&#8211; ingen ekstra vask (opvaskemaskinen kan dog t\u00f8mmes for sidste vask)<\/p>\n<figure id=\"attachment_109\" aria-describedby=\"caption-attachment-109\" style=\"width: 300px\" class=\"wp-caption alignleft\"><a href=\"https:\/\/www.avc-skovgaard.dk\/wp-content\/uploads\/2018\/03\/IMAG0082.jpg\"><img loading=\"lazy\" decoding=\"async\" class=\"size-medium wp-image-109\" src=\"https:\/\/www.avc-skovgaard.dk\/wp-content\/uploads\/2018\/03\/IMAG0082-300x170.jpg\" alt=\"\" width=\"300\" height=\"170\" srcset=\"https:\/\/www.avc-skovgaard.dk\/wp-content\/uploads\/2018\/03\/IMAG0082-300x170.jpg 300w, https:\/\/www.avc-skovgaard.dk\/wp-content\/uploads\/2018\/03\/IMAG0082-768x434.jpg 768w, https:\/\/www.avc-skovgaard.dk\/wp-content\/uploads\/2018\/03\/IMAG0082-1024x579.jpg 1024w, https:\/\/www.avc-skovgaard.dk\/wp-content\/uploads\/2018\/03\/IMAG0082-1200x679.jpg 1200w\" sizes=\"auto, (max-width: 300px) 85vw, 300px\" \/><\/a><figcaption id=\"caption-attachment-109\" class=\"wp-caption-text\">K\u00f8kken<\/figcaption><\/figure>\n<figure id=\"attachment_110\" aria-describedby=\"caption-attachment-110\" style=\"width: 170px\" class=\"wp-caption alignright\"><a href=\"https:\/\/www.avc-skovgaard.dk\/wp-content\/uploads\/2018\/03\/IMAG0083.jpg\"><img loading=\"lazy\" decoding=\"async\" class=\"wp-image-110 size-medium\" src=\"https:\/\/www.avc-skovgaard.dk\/wp-content\/uploads\/2018\/03\/IMAG0083-170x300.jpg\" alt=\"\" width=\"170\" height=\"300\" srcset=\"https:\/\/www.avc-skovgaard.dk\/wp-content\/uploads\/2018\/03\/IMAG0083-170x300.jpg 170w, https:\/\/www.avc-skovgaard.dk\/wp-content\/uploads\/2018\/03\/IMAG0083-768x1358.jpg 768w, https:\/\/www.avc-skovgaard.dk\/wp-content\/uploads\/2018\/03\/IMAG0083-579x1024.jpg 579w, https:\/\/www.avc-skovgaard.dk\/wp-content\/uploads\/2018\/03\/IMAG0083-1200x2122.jpg 1200w, https:\/\/www.avc-skovgaard.dk\/wp-content\/uploads\/2018\/03\/IMAG0083.jpg 1520w\" sizes=\"auto, (max-width: 170px) 85vw, 170px\" \/><\/a><figcaption id=\"caption-attachment-110\" class=\"wp-caption-text\">K\u00f8kken &#8211; Vask, opvaskemaskine og fryser.<\/figcaption><\/figure>\n<figure id=\"attachment_169\" aria-describedby=\"caption-attachment-169\" style=\"width: 300px\" class=\"wp-caption alignleft\"><a href=\"https:\/\/www.avc-skovgaard.dk\/wp-content\/uploads\/2019\/07\/10.jpg\"><img loading=\"lazy\" decoding=\"async\" class=\"wp-image-169 size-medium\" src=\"https:\/\/www.avc-skovgaard.dk\/wp-content\/uploads\/2019\/07\/10-300x225.jpg\" alt=\"\" width=\"300\" height=\"225\" srcset=\"https:\/\/www.avc-skovgaard.dk\/wp-content\/uploads\/2019\/07\/10-300x225.jpg 300w, https:\/\/www.avc-skovgaard.dk\/wp-content\/uploads\/2019\/07\/10-768x576.jpg 768w, https:\/\/www.avc-skovgaard.dk\/wp-content\/uploads\/2019\/07\/10-1024x768.jpg 1024w, https:\/\/www.avc-skovgaard.dk\/wp-content\/uploads\/2019\/07\/10-1200x900.jpg 1200w\" sizes=\"auto, (max-width: 300px) 85vw, 300px\" \/><\/a><figcaption id=\"caption-attachment-169\" class=\"wp-caption-text\">Sofagruppe i anretter lokale<\/figcaption><\/figure>\n<figure id=\"attachment_112\" aria-describedby=\"caption-attachment-112\" style=\"width: 300px\" class=\"wp-caption alignright\"><a href=\"https:\/\/www.avc-skovgaard.dk\/wp-content\/uploads\/2018\/03\/IMAG0079.jpg\"><img loading=\"lazy\" decoding=\"async\" class=\"wp-image-112 size-medium\" src=\"https:\/\/www.avc-skovgaard.dk\/wp-content\/uploads\/2018\/03\/IMAG0079-300x170.jpg\" alt=\"\" width=\"300\" height=\"170\" srcset=\"https:\/\/www.avc-skovgaard.dk\/wp-content\/uploads\/2018\/03\/IMAG0079-300x170.jpg 300w, https:\/\/www.avc-skovgaard.dk\/wp-content\/uploads\/2018\/03\/IMAG0079-768x434.jpg 768w, https:\/\/www.avc-skovgaard.dk\/wp-content\/uploads\/2018\/03\/IMAG0079-1024x579.jpg 1024w, https:\/\/www.avc-skovgaard.dk\/wp-content\/uploads\/2018\/03\/IMAG0079-1200x679.jpg 1200w\" sizes=\"auto, (max-width: 300px) 85vw, 300px\" \/><\/a><figcaption id=\"caption-attachment-112\" class=\"wp-caption-text\">Festlokalet<\/figcaption><\/figure>\n<figure id=\"attachment_113\" aria-describedby=\"caption-attachment-113\" style=\"width: 300px\" class=\"wp-caption alignleft\"><a href=\"https:\/\/www.avc-skovgaard.dk\/wp-content\/uploads\/2018\/03\/IMAG1649.jpg\"><img loading=\"lazy\" decoding=\"async\" class=\"wp-image-113 size-medium\" src=\"https:\/\/www.avc-skovgaard.dk\/wp-content\/uploads\/2018\/03\/IMAG1649-300x113.jpg\" alt=\"\" width=\"300\" height=\"113\" srcset=\"https:\/\/www.avc-skovgaard.dk\/wp-content\/uploads\/2018\/03\/IMAG1649-300x113.jpg 300w, https:\/\/www.avc-skovgaard.dk\/wp-content\/uploads\/2018\/03\/IMAG1649-768x289.jpg 768w, https:\/\/www.avc-skovgaard.dk\/wp-content\/uploads\/2018\/03\/IMAG1649-1024x385.jpg 1024w, https:\/\/www.avc-skovgaard.dk\/wp-content\/uploads\/2018\/03\/IMAG1649-1200x451.jpg 1200w\" sizes=\"auto, (max-width: 300px) 85vw, 300px\" \/><\/a><figcaption id=\"caption-attachment-113\" class=\"wp-caption-text\">Parkeringsplads med plads til mere end 20 biler.<\/figcaption><\/figure>\n<figure id=\"attachment_152\" aria-describedby=\"caption-attachment-152\" style=\"width: 300px\" class=\"wp-caption alignright\"><a href=\"https:\/\/www.avc-skovgaard.dk\/wp-content\/uploads\/2018\/10\/IMAG0410.jpg\"><img loading=\"lazy\" decoding=\"async\" class=\"size-medium wp-image-152\" src=\"https:\/\/www.avc-skovgaard.dk\/wp-content\/uploads\/2018\/10\/IMAG0410-300x225.jpg\" alt=\"\" width=\"300\" height=\"225\" srcset=\"https:\/\/www.avc-skovgaard.dk\/wp-content\/uploads\/2018\/10\/IMAG0410-300x225.jpg 300w, https:\/\/www.avc-skovgaard.dk\/wp-content\/uploads\/2018\/10\/IMAG0410-768x576.jpg 768w, https:\/\/www.avc-skovgaard.dk\/wp-content\/uploads\/2018\/10\/IMAG0410-1024x768.jpg 1024w, https:\/\/www.avc-skovgaard.dk\/wp-content\/uploads\/2018\/10\/IMAG0410-1200x900.jpg 1200w\" sizes=\"auto, (max-width: 300px) 85vw, 300px\" \/><\/a><figcaption id=\"caption-attachment-152\" class=\"wp-caption-text\">Billede af festlokalet efter maling<\/figcaption><\/figure>\n<figure id=\"attachment_175\" aria-describedby=\"caption-attachment-175\" style=\"width: 300px\" class=\"wp-caption alignleft\"><a href=\"https:\/\/www.avc-skovgaard.dk\/wp-content\/uploads\/2019\/07\/16.jpg\"><img loading=\"lazy\" decoding=\"async\" class=\"size-medium wp-image-175\" src=\"https:\/\/www.avc-skovgaard.dk\/wp-content\/uploads\/2019\/07\/16-300x225.jpg\" alt=\"\" width=\"300\" height=\"225\" srcset=\"https:\/\/www.avc-skovgaard.dk\/wp-content\/uploads\/2019\/07\/16-300x225.jpg 300w, https:\/\/www.avc-skovgaard.dk\/wp-content\/uploads\/2019\/07\/16-768x576.jpg 768w, https:\/\/www.avc-skovgaard.dk\/wp-content\/uploads\/2019\/07\/16-1024x768.jpg 1024w, https:\/\/www.avc-skovgaard.dk\/wp-content\/uploads\/2019\/07\/16-1200x900.jpg 1200w\" sizes=\"auto, (max-width: 300px) 85vw, 300px\" \/><\/a><figcaption id=\"caption-attachment-175\" class=\"wp-caption-text\">Stort k\u00f8leskab i anretter lokale<\/figcaption><\/figure>\n<figure id=\"attachment_167\" aria-describedby=\"caption-attachment-167\" style=\"width: 300px\" class=\"wp-caption alignright\"><a href=\"https:\/\/www.avc-skovgaard.dk\/wp-content\/uploads\/2019\/07\/7-e1563994384190.jpg\"><img loading=\"lazy\" decoding=\"async\" class=\"size-medium wp-image-167\" src=\"https:\/\/www.avc-skovgaard.dk\/wp-content\/uploads\/2019\/07\/7-e1563994384190-300x225.jpg\" alt=\"\" width=\"300\" height=\"225\" srcset=\"https:\/\/www.avc-skovgaard.dk\/wp-content\/uploads\/2019\/07\/7-e1563994384190-300x225.jpg 300w, https:\/\/www.avc-skovgaard.dk\/wp-content\/uploads\/2019\/07\/7-e1563994384190-768x576.jpg 768w, https:\/\/www.avc-skovgaard.dk\/wp-content\/uploads\/2019\/07\/7-e1563994384190-1024x768.jpg 1024w, https:\/\/www.avc-skovgaard.dk\/wp-content\/uploads\/2019\/07\/7-e1563994384190-1200x900.jpg 1200w\" sizes=\"auto, (max-width: 300px) 85vw, 300px\" \/><\/a><figcaption id=\"caption-attachment-167\" class=\"wp-caption-text\">Party grill<\/figcaption><\/figure>\n<figure id=\"attachment_173\" aria-describedby=\"caption-attachment-173\" style=\"width: 300px\" class=\"wp-caption alignleft\"><a href=\"https:\/\/www.avc-skovgaard.dk\/wp-content\/uploads\/2019\/07\/14-e1620254988684.jpg\"><img loading=\"lazy\" decoding=\"async\" class=\"size-medium wp-image-173\" src=\"https:\/\/www.avc-skovgaard.dk\/wp-content\/uploads\/2019\/07\/14-e1620254988684-300x225.jpg\" alt=\"\" width=\"300\" height=\"225\" srcset=\"https:\/\/www.avc-skovgaard.dk\/wp-content\/uploads\/2019\/07\/14-e1620254988684-300x225.jpg 300w, https:\/\/www.avc-skovgaard.dk\/wp-content\/uploads\/2019\/07\/14-e1620254988684-768x576.jpg 768w, https:\/\/www.avc-skovgaard.dk\/wp-content\/uploads\/2019\/07\/14-e1620254988684-1024x768.jpg 1024w, https:\/\/www.avc-skovgaard.dk\/wp-content\/uploads\/2019\/07\/14-e1620254988684-1200x900.jpg 1200w, https:\/\/www.avc-skovgaard.dk\/wp-content\/uploads\/2019\/07\/14-e1620254988684-1536x1152.jpg 1536w, https:\/\/www.avc-skovgaard.dk\/wp-content\/uploads\/2019\/07\/14-e1620254988684-2048x1536.jpg 2048w\" sizes=\"auto, (max-width: 300px) 85vw, 300px\" \/><\/a><figcaption id=\"caption-attachment-173\" class=\"wp-caption-text\">Hoved entre<\/figcaption><\/figure>\n\n\n<p><\/p>\n","protected":false},"excerpt":{"rendered":"<p>G\u00e5 til booking:\u00a0 Beskrivelse af faciliteter og priser. Der er et lyst og hyggeligt spise\/fest lokale p\u00e5 cirka 56 m2 med udsigt til s\u00f8en, et lille industrik\u00f8kken 14 m2, et mindre lokale p\u00e5 42 m2, som typisk bruges som anretnings lokale, da det ligger i umiddelbart i forbindelse med k\u00f8kkenet. Der anrettes typisk buffet her.I &hellip; <a href=\"https:\/\/www.avc-skovgaard.dk\/?page_id=102\" class=\"more-link\">L\u00e6s videre<span class=\"screen-reader-text\"> &#8220;Billeder og beskrivelse&#8221;<\/span><\/a><\/p>\n","protected":false},"author":3,"featured_media":104,"parent":0,"menu_order":0,"comment_status":"closed","ping_status":"closed","template":"","meta":{"footnotes":""},"class_list":["post-102","page","type-page","status-publish","has-post-thumbnail","hentry"],"_links":{"self":[{"href":"https:\/\/www.avc-skovgaard.dk\/index.php?rest_route=\/wp\/v2\/pages\/102","targetHints":{"allow":["GET"]}}],"collection":[{"href":"https:\/\/www.avc-skovgaard.dk\/index.php?rest_route=\/wp\/v2\/pages"}],"about":[{"href":"https:\/\/www.avc-skovgaard.dk\/index.php?rest_route=\/wp\/v2\/types\/page"}],"author":[{"embeddable":true,"href":"https:\/\/www.avc-skovgaard.dk\/index.php?rest_route=\/wp\/v2\/users\/3"}],"replies":[{"embeddable":true,"href":"https:\/\/www.avc-skovgaard.dk\/index.php?rest_route=%2Fwp%2Fv2%2Fcomments&post=102"}],"version-history":[{"count":42,"href":"https:\/\/www.avc-skovgaard.dk\/index.php?rest_route=\/wp\/v2\/pages\/102\/revisions"}],"predecessor-version":[{"id":336,"href":"https:\/\/www.avc-skovgaard.dk\/index.php?rest_route=\/wp\/v2\/pages\/102\/revisions\/336"}],"wp:featuredmedia":[{"embeddable":true,"href":"https:\/\/www.avc-skovgaard.dk\/index.php?rest_route=\/wp\/v2\/media\/104"}],"wp:attachment":[{"href":"https:\/\/www.avc-skovgaard.dk\/index.php?rest_route=%2Fwp%2Fv2%2Fmedia&parent=102"}],"curies":[{"name":"wp","href":"https:\/\/api.w.org\/{rel}","templated":true}]}}